{"id":29994,"date":"2024-06-16T18:09:31","date_gmt":"2024-06-16T16:09:31","guid":{"rendered":"https:\/\/flatpassions.be\/portees-precedentes\/portee-flat-passions-x-umi-bailey\/"},"modified":"2024-08-01T20:19:22","modified_gmt":"2024-08-01T18:19:22","slug":"portee-flat-passions-x-umi-bailey","status":"publish","type":"page","link":"https:\/\/flatpassions.be\/fr\/portees-precedentes\/portee-flat-passions-x-umi-bailey\/","title":{"rendered":"Port\u00e9e Flat Passion\u2019s \u201cX\u201d (Umi &#038; Bailey)"},"content":{"rendered":"<p>[et_pb_section fb_built=\u00a0\u00bb1&Prime; _builder_version=\u00a0\u00bb4.19.4&Prime; custom_margin=\u00a0\u00bb-1px||||false|true\u00a0\u00bb custom_padding=\u00a0\u00bb0px||||false|true\u00a0\u00bb global_colors_info=\u00a0\u00bb{}\u00a0\u00bb][et_pb_row _builder_version=\u00a0\u00bb4.19.4&Prime; background_size=\u00a0\u00bbinitial\u00a0\u00bb background_position=\u00a0\u00bbtop_left\u00a0\u00bb background_repeat=\u00a0\u00bbrepeat\u00a0\u00bb width=\u00a0\u00bb100%\u00a0\u00bb global_colors_info=\u00a0\u00bb{}\u00a0\u00bb][et_pb_column type=\u00a0\u00bb4_4&Prime; _builder_version=\u00a0\u00bb4.16&Prime; custom_padding=\u00a0\u00bb|||\u00a0\u00bb global_colors_info=\u00a0\u00bb{}\u00a0\u00bb custom_padding__hover=\u00a0\u00bb|||\u00a0\u00bb][et_pb_text _builder_version=\u00a0\u00bb4.16&Prime; background_size=\u00a0\u00bbinitial\u00a0\u00bb background_position=\u00a0\u00bbtop_left\u00a0\u00bb background_repeat=\u00a0\u00bbrepeat\u00a0\u00bb global_colors_info=\u00a0\u00bb{}\u00a0\u00bb]<\/p>\n<p style=\"text-align: center;\">le 29 mars 2024 notre 14e port\u00e9e FLAT PASSION&rsquo;S est n\u00e9e<br \/>8 petits miracles: 3 femelles et 5 m\u00e2les.<\/p>\n<p>[\/et_pb_text][et_pb_text _builder_version=\u00a0\u00bb4.19.4&Prime; global_colors_info=\u00a0\u00bb{}\u00a0\u00bb]<\/p>\n<h4 style=\"text-align: center;\">parents de notre port\u00e9e \u00ab\u00a0X\u00a0\u00bb\u00a0 (Umba&rsquo;s)<\/h4>\n<h4 style=\"text-align: center;\"><span class=\"style4\">Jarvo Jewel Of The Lake (Bailey) x Flat Passion&rsquo;s U and Me Forever Friends (Umi)<\/span><\/h4>\n<h4>\u00a0<\/h4>\n<p>[\/et_pb_text][\/et_pb_column][\/et_pb_row][et_pb_row column_structure=\u00a0\u00bb1_3,1_3,1_3&Prime; make_equal=\u00a0\u00bbon\u00a0\u00bb _builder_version=\u00a0\u00bb4.21.0&Prime; width=\u00a0\u00bb78%\u00a0\u00bb max_width=\u00a0\u00bb640px\u00a0\u00bb module_alignment=\u00a0\u00bbcenter\u00a0\u00bb global_colors_info=\u00a0\u00bb{}\u00a0\u00bb][et_pb_column type=\u00a0\u00bb1_3&Prime; _builder_version=\u00a0\u00bb4.16&Prime; global_colors_info=\u00a0\u00bb{}\u00a0\u00bb][et_pb_text _builder_version=\u00a0\u00bb4.24.3&Prime; text_orientation=\u00a0\u00bbcenter\u00a0\u00bb locked=\u00a0\u00bboff\u00a0\u00bb global_colors_info=\u00a0\u00bb{}\u00a0\u00bb]<\/p>\n<h2><strong>Umi<\/strong><\/h2>\n<p>[\/et_pb_text][\/et_pb_column][et_pb_column type=\u00a0\u00bb1_3&Prime; _builder_version=\u00a0\u00bb4.16&Prime; global_colors_info=\u00a0\u00bb{}\u00a0\u00bb][et_pb_image src=\u00a0\u00bbhttps:\/\/flatpassions.be\/wp-content\/uploads\/2020\/07\/animaties-gif-hartjes-3916889.gif\u00a0\u00bb title_text=\u00a0\u00bbanimaties-gif-hartjes-3916889&Prime; align=\u00a0\u00bbcenter\u00a0\u00bb _builder_version=\u00a0\u00bb4.16&Prime; max_height=\u00a0\u00bb100px\u00a0\u00bb global_colors_info=\u00a0\u00bb{}\u00a0\u00bb][\/et_pb_image][\/et_pb_column][et_pb_column type=\u00a0\u00bb1_3&Prime; _builder_version=\u00a0\u00bb4.16&Prime; global_colors_info=\u00a0\u00bb{}\u00a0\u00bb][et_pb_text _builder_version=\u00a0\u00bb4.24.3&Prime; text_orientation=\u00a0\u00bbcenter\u00a0\u00bb locked=\u00a0\u00bboff\u00a0\u00bb global_colors_info=\u00a0\u00bb{}\u00a0\u00bb]<\/p>\n<h2><strong>Bailey<\/strong><\/h2>\n<p>[\/et_pb_text][\/et_pb_column][\/et_pb_row][et_pb_row _builder_version=\u00a0\u00bb4.21.0&Prime; _module_preset=\u00a0\u00bbdefault\u00a0\u00bb global_colors_info=\u00a0\u00bb{}\u00a0\u00bb][et_pb_column type=\u00a0\u00bb4_4&Prime; _builder_version=\u00a0\u00bb4.21.0&Prime; _module_preset=\u00a0\u00bbdefault\u00a0\u00bb global_colors_info=\u00a0\u00bb{}\u00a0\u00bb][et_pb_image src=\u00a0\u00bbhttps:\/\/flatpassions.be\/wp-content\/uploads\/2024\/02\/Umi-en-Bailey.jpg\u00a0\u00bb title_text=\u00a0\u00bbUmi en Bailey\u00a0\u00bb _builder_version=\u00a0\u00bb4.24.3&Prime; _module_preset=\u00a0\u00bbdefault\u00a0\u00bb global_colors_info=\u00a0\u00bb{}\u00a0\u00bb][\/et_pb_image][\/et_pb_column][\/et_pb_row][et_pb_row column_structure=\u00a0\u00bb1_2,1_2&Prime; _builder_version=\u00a0\u00bb4.16&Prime; width=\u00a0\u00bb100%\u00a0\u00bb global_colors_info=\u00a0\u00bb{}\u00a0\u00bb][et_pb_column type=\u00a0\u00bb1_2&Prime; _builder_version=\u00a0\u00bb4.16&Prime; global_colors_info=\u00a0\u00bb{}\u00a0\u00bb][et_pb_text _builder_version=\u00a0\u00bb4.19.4&Prime; global_colors_info=\u00a0\u00bb{}\u00a0\u00bb]<\/p>\n<h4 style=\"text-align: center;\">femelles<\/h4>\n<p>[\/et_pb_text][et_pb_image src=\u00a0\u00bbhttps:\/\/flatpassions.be\/wp-content\/uploads\/2024\/06\/Xita.jpg\u00a0\u00bb title_text=\u00a0\u00bbXita\u00a0\u00bb _builder_version=\u00a0\u00bb4.24.3&Prime; _module_preset=\u00a0\u00bbdefault\u00a0\u00bb global_colors_info=\u00a0\u00bb{}\u00a0\u00bb][\/et_pb_image][et_pb_image src=\u00a0\u00bbhttps:\/\/flatpassions.be\/wp-content\/uploads\/2024\/06\/Nala.jpg\u00a0\u00bb title_text=\u00a0\u00bbNala\u00a0\u00bb _builder_version=\u00a0\u00bb4.24.3&Prime; _module_preset=\u00a0\u00bbdefault\u00a0\u00bb global_colors_info=\u00a0\u00bb{}\u00a0\u00bb][\/et_pb_image][et_pb_image src=\u00a0\u00bbhttps:\/\/flatpassions.be\/wp-content\/uploads\/2024\/06\/Xiba.jpg\u00a0\u00bb title_text=\u00a0\u00bbXiba\u00a0\u00bb _builder_version=\u00a0\u00bb4.24.3&Prime; _module_preset=\u00a0\u00bbdefault\u00a0\u00bb global_colors_info=\u00a0\u00bb{}\u00a0\u00bb][\/et_pb_image][\/et_pb_column][et_pb_column type=\u00a0\u00bb1_2&Prime; _builder_version=\u00a0\u00bb4.16&Prime; global_colors_info=\u00a0\u00bb{}\u00a0\u00bb][et_pb_text _builder_version=\u00a0\u00bb4.19.4&Prime; global_colors_info=\u00a0\u00bb{}\u00a0\u00bb]<\/p>\n<h4 style=\"text-align: center;\">m\u00e2les<\/h4>\n<p>[\/et_pb_text][et_pb_image src=\u00a0\u00bbhttps:\/\/flatpassions.be\/wp-content\/uploads\/2024\/06\/Bowie.jpg\u00a0\u00bb title_text=\u00a0\u00bbBowie\u00a0\u00bb _builder_version=\u00a0\u00bb4.24.3&Prime; _module_preset=\u00a0\u00bbdefault\u00a0\u00bb global_colors_info=\u00a0\u00bb{}\u00a0\u00bb][\/et_pb_image][et_pb_image src=\u00a0\u00bbhttps:\/\/flatpassions.be\/wp-content\/uploads\/2024\/06\/Feel.jpg\u00a0\u00bb title_text=\u00a0\u00bbFeel\u00a0\u00bb _builder_version=\u00a0\u00bb4.24.3&Prime; _module_preset=\u00a0\u00bbdefault\u00a0\u00bb global_colors_info=\u00a0\u00bb{}\u00a0\u00bb][\/et_pb_image][et_pb_image src=\u00a0\u00bbhttps:\/\/flatpassions.be\/wp-content\/uploads\/2024\/06\/Joey.jpg\u00a0\u00bb title_text=\u00a0\u00bbJoey\u00a0\u00bb _builder_version=\u00a0\u00bb4.24.3&Prime; _module_preset=\u00a0\u00bbdefault\u00a0\u00bb global_colors_info=\u00a0\u00bb{}\u00a0\u00bb][\/et_pb_image][et_pb_image src=\u00a0\u00bbhttps:\/\/flatpassions.be\/wp-content\/uploads\/2024\/06\/Ollie.jpg\u00a0\u00bb title_text=\u00a0\u00bbOllie\u00a0\u00bb _builder_version=\u00a0\u00bb4.24.3&Prime; _module_preset=\u00a0\u00bbdefault\u00a0\u00bb global_colors_info=\u00a0\u00bb{}\u00a0\u00bb][\/et_pb_image][et_pb_image src=\u00a0\u00bbhttps:\/\/flatpassions.be\/wp-content\/uploads\/2024\/06\/Viggo.jpg\u00a0\u00bb title_text=\u00a0\u00bbViggo\u00a0\u00bb _builder_version=\u00a0\u00bb4.24.3&Prime; _module_preset=\u00a0\u00bbdefault\u00a0\u00bb global_colors_info=\u00a0\u00bb{}\u00a0\u00bb][\/et_pb_image][\/et_pb_column][\/et_pb_row][\/et_pb_section]<\/p>\n","protected":false},"excerpt":{"rendered":"<p>le 29 mars 2024 notre 14e port\u00e9e FLAT PASSION&rsquo;S est n\u00e9e8 petits miracles: 3 femelles et 5 m\u00e2les.parents de notre port\u00e9e \u00ab\u00a0X\u00a0\u00bb\u00a0 (Umba&rsquo;s) Jarvo Jewel Of The Lake (Bailey) x Flat Passion&rsquo;s U and Me Forever Friends (Umi) \u00a0UmiBaileyfemellesm\u00e2les<\/p>\n","protected":false},"author":3,"featured_media":0,"parent":27565,"menu_order":0,"comment_status":"closed","ping_status":"closed","template":"","meta":{"_acf_changed":false,"_et_pb_use_builder":"on","_et_pb_old_content":"","_et_gb_content_width":"","footnotes":""},"class_list":["post-29994","page","type-page","status-publish","hentry"],"acf":[],"_links":{"self":[{"href":"https:\/\/flatpassions.be\/fr\/wp-json\/wp\/v2\/pages\/29994","targetHints":{"allow":["GET"]}}],"collection":[{"href":"https:\/\/flatpassions.be\/fr\/wp-json\/wp\/v2\/pages"}],"about":[{"href":"https:\/\/flatpassions.be\/fr\/wp-json\/wp\/v2\/types\/page"}],"author":[{"embeddable":true,"href":"https:\/\/flatpassions.be\/fr\/wp-json\/wp\/v2\/users\/3"}],"replies":[{"embeddable":true,"href":"https:\/\/flatpassions.be\/fr\/wp-json\/wp\/v2\/comments?post=29994"}],"version-history":[{"count":4,"href":"https:\/\/flatpassions.be\/fr\/wp-json\/wp\/v2\/pages\/29994\/revisions"}],"predecessor-version":[{"id":30007,"href":"https:\/\/flatpassions.be\/fr\/wp-json\/wp\/v2\/pages\/29994\/revisions\/30007"}],"up":[{"embeddable":true,"href":"https:\/\/flatpassions.be\/fr\/wp-json\/wp\/v2\/pages\/27565"}],"wp:attachment":[{"href":"https:\/\/flatpassions.be\/fr\/wp-json\/wp\/v2\/media?parent=29994"}],"curies":[{"name":"wp","href":"https:\/\/api.w.org\/{rel}","templated":true}]}}